{"id":184,"date":"2024-08-20T21:11:21","date_gmt":"2024-08-20T19:11:21","guid":{"rendered":"https:\/\/unidanse.com\/?page_id=184"},"modified":"2024-12-30T21:53:23","modified_gmt":"2024-12-30T20:53:23","slug":"presse","status":"publish","type":"page","link":"https:\/\/unidanse.com\/?page_id=184","title":{"rendered":"Presse"},"content":{"rendered":"\n<div style=\"height:25px\" aria-hidden=\"true\" class=\"wp-block-spacer\"><\/div>\n\n\n\n<div class=\"wp-block-cover alignfull\" style=\"padding-right:1rem;padding-left:1rem;min-height:170px;aspect-ratio:unset;\"><span aria-hidden=\"true\" class=\"wp-block-cover__background has-background-dim-100 has-background-dim has-background-gradient has-luminous-dusk-gradient-background\"><\/span><div class=\"wp-block-cover__inner-container has-global-padding is-layout-constrained wp-container-core-cover-is-layout-1 wp-block-cover-is-layout-constrained\">\n<div class=\"wp-block-columns are-vertically-aligned-center is-layout-flex wp-container-core-columns-is-layout-1 wp-block-columns-is-layout-flex\">\n<div class=\"wp-block-column is-vertically-aligned-center is-layout-flow wp-block-column-is-layout-flow\">\n<h2 class=\"wp-block-heading has-text-align-center has-text-color has-young-serif-regular-font-family\" style=\"color:#000000;font-size:clamp(35.641px, 2.228rem + ((1vw - 3.2px) * 3.336), 65px);\">Presse<\/h2>\n<\/div>\n<\/div>\n<\/div><\/div>\n\n\n\n<div style=\"position:relative;padding-bottom:56.25%;height:0;overflow:hidden;max-width:100%;\" data-page-width=\"453\" data-page-height=\"640\"><iframe style=\"position:absolute;top:0;left:0;width:100%;height:100%;\"   src=\"https:\/\/www.yumpu.com\/xx\/embed\/view\/Me0EPtW9UId4GnF6\" frameborder=\"0\" allowfullscreen=\"true\"  allowtransparency=\"true\"><\/iframe><br><a href=\"https:\/\/www.yumpu.com\/xx\/document\/view\/68784719\/articles-sur-unidanse\" title=\"Articles sur Unidanse\" target=\"_blank\" rel=\"noopener\">Articles sur Unidanse<\/a><\/div>\n\n\n\n<div style=\"height:50px\" aria-hidden=\"true\" class=\"wp-block-spacer\"><\/div>\n\n\n\n<iframe src=\"https:\/\/www.facebook.com\/plugins\/post.php?href=https%3A%2F%2Fwww.facebook.com%2Fpolenationalsuperieurdedanserosellahightower%2Fposts%2Fpfbid02en4RFc2sZtnTRnTU9d9fKXUDc2kahtXFmvpexsdS34BmtSfWbqruMv6tEMbnGU3El&#038;show_text=true&#038;width=500\" width=\"750\" height=\"250\" style=\"display: block; margin: 0 auto 20px;\" scrolling=\"no\" frameborder=\"0\" allowfullscreen=\"true\" allow=\"autoplay; clipboard-write; encrypted-media; picture-in-picture; web-share\"><\/iframe>\n\n\n\n<div style=\"height:28px\" aria-hidden=\"true\" class=\"wp-block-spacer\"><\/div>\n\n\n\n<h5 class=\"wp-block-heading\">extrait d&rsquo;un article de Bernard oheix sur le festival des 2 terres<\/h5>\n\n\n\n<div class=\"wp-block-columns is-layout-flex wp-container-core-columns-is-layout-2 wp-block-columns-is-layout-flex\">\n<div class=\"wp-block-column is-layout-flow wp-block-column-is-layout-flow\">\n<a href=\"http:\/\/bernard-oheix.over-blog.com\/2023\/04\/pas-de-deux-entre-l-europe-et-l-afrique.html\" \nstyle=\"color: blue; \nfont-weight: 700;\ntext-decoration: underline;\"\n   onmouseover=\"this.style.color='red'; this.style.textDecoration='underline';\"\n   onmouseout=\"this.style.color='blue'; this.style.textDecoration='underline';\">\n   Lien de l&rsquo;article ici\n<\/a>\n<\/div>\n<\/div>\n\n\n\n<div style=\"height:4px\" aria-hidden=\"true\" class=\"wp-block-spacer\"><\/div>\n\n\n\n<a href=\"http:\/\/bernard-oheix.over-blog.com\/2023\/04\/pas-de-deux-entre-l-europe-et-l-afrique.html\" target=\"_blank\" rel=\"noopener\">\n\n  <img decoding=\"async\" src=\"https:\/\/unidanse.com\/wp-content\/uploads\/2024\/08\/blog.png\" alt=\"Nous avons \u00e9galement \u00e9t\u00e9 cit\u00e9 par l'humoriste Bernard Oheix\" style=\"display: block; margin: 0 auto 20px;\">\n<\/a>\n\n\n\n<div style=\"height:50px\" aria-hidden=\"true\" class=\"wp-block-spacer\"><\/div>\n\n\n\n<p><strong>ANIMATION : D\u00e9monstration de danse au Mill\u00e9 Zim Zim<\/strong> (Hip-hop, Jazz)<\/p>\n\n\n\n<figure class=\"wp-block-image size-large\"><img fetchpriority=\"high\" decoding=\"async\" width=\"731\" height=\"1024\" src=\"https:\/\/unidanse.com\/wp-content\/uploads\/2024\/09\/FLYER-Mille-Zim-Zim-A5-2024-WEB-2-731x1024.jpg\" alt=\"\" class=\"wp-image-463\" srcset=\"https:\/\/unidanse.com\/wp-content\/uploads\/2024\/09\/FLYER-Mille-Zim-Zim-A5-2024-WEB-2-731x1024.jpg 731w, https:\/\/unidanse.com\/wp-content\/uploads\/2024\/09\/FLYER-Mille-Zim-Zim-A5-2024-WEB-2-214x300.jpg 214w, https:\/\/unidanse.com\/wp-content\/uploads\/2024\/09\/FLYER-Mille-Zim-Zim-A5-2024-WEB-2-768x1076.jpg 768w, https:\/\/unidanse.com\/wp-content\/uploads\/2024\/09\/FLYER-Mille-Zim-Zim-A5-2024-WEB-2-1096x1536.jpg 1096w, https:\/\/unidanse.com\/wp-content\/uploads\/2024\/09\/FLYER-Mille-Zim-Zim-A5-2024-WEB-2.jpg 1180w\" sizes=\"(max-width: 731px) 100vw, 731px\" \/><\/figure>\n\n\n<p><!-- Google tag (gtag.js) --><br \/>\n<script async src=\"https:\/\/www.googletagmanager.com\/gtag\/js?id=G-2HE6Q5H446\"><\/script><br \/>\n<script><br \/>\n  window.dataLayer = window.dataLayer || [];<br \/>\n  function gtag(){dataLayer.push(arguments);}<br \/>\n  gtag('js', new Date());<\/p>\n<p>  gtag('config', 'G-2HE6Q5H446');<br \/>\n<\/script><\/p>","protected":false},"excerpt":{"rendered":"<p>Articles sur Unidanse extrait d&rsquo;un article de Bernard oheix sur le festival des 2 terres Lien de l&rsquo;article ici ANIMATION : D\u00e9monstration de danse au Mill\u00e9 Zim Zim (Hip-hop, Jazz)<\/p>\n","protected":false},"author":1,"featured_media":0,"parent":0,"menu_order":0,"comment_status":"closed","ping_status":"closed","template":"","meta":{"footnotes":""},"class_list":["post-184","page","type-page","status-publish","hentry"],"_links":{"self":[{"href":"https:\/\/unidanse.com\/index.php?rest_route=\/wp\/v2\/pages\/184"}],"collection":[{"href":"https:\/\/unidanse.com\/index.php?rest_route=\/wp\/v2\/pages"}],"about":[{"href":"https:\/\/unidanse.com\/index.php?rest_route=\/wp\/v2\/types\/page"}],"author":[{"embeddable":true,"href":"https:\/\/unidanse.com\/index.php?rest_route=\/wp\/v2\/users\/1"}],"replies":[{"embeddable":true,"href":"https:\/\/unidanse.com\/index.php?rest_route=%2Fwp%2Fv2%2Fcomments&post=184"}],"version-history":[{"count":81,"href":"https:\/\/unidanse.com\/index.php?rest_route=\/wp\/v2\/pages\/184\/revisions"}],"predecessor-version":[{"id":764,"href":"https:\/\/unidanse.com\/index.php?rest_route=\/wp\/v2\/pages\/184\/revisions\/764"}],"wp:attachment":[{"href":"https:\/\/unidanse.com\/index.php?rest_route=%2Fwp%2Fv2%2Fmedia&parent=184"}],"curies":[{"name":"wp","href":"https:\/\/api.w.org\/{rel}","templated":true}]}}